{"id":4842,"date":"2016-12-21T11:53:01","date_gmt":"2016-12-21T10:53:01","guid":{"rendered":"http:\/\/www.damari.ch\/baby-foot\/fr\/?page_id=4842"},"modified":"2020-05-09T00:06:28","modified_gmt":"2020-05-08T22:06:28","slug":"faq","status":"publish","type":"page","link":"https:\/\/www.aruna.kitchen\/fr\/faq\/","title":{"rendered":"FAQ"},"content":{"rendered":"<p>[vc_row][vc_column][vc_column_text]Nous nous faisons un plaisir de r\u00e9pondre aux questions que vous vous posez sur nos produits et services.<br \/>\nVous pouvez contacter le service client par t\u00e9l\u00e9phone au +41 55 556 84 25. Nous sommes \u00e9galement \u00e0 votre disposition par mail, \u00e0 l\u2019adresse <a href=\"mailto:info@aruna.kitchen\">info@aruna.kitchen<\/a> , ou via notre <a href=\"https:\/\/web.damari.ch\/aruna-kitchen\/fr\/kontakt\/\">formulaire de contact<\/a>.<br \/>\nVous trouverez ci-apr\u00e8s les r\u00e9ponses aux questions les plus fr\u00e9quemment pos\u00e9es.<\/p>\n<h2>Les questions r\u00e9currentes<\/h2>\n<p>[\/vc_column_text][\/vc_column][\/vc_row]<\/p>\n","protected":false},"excerpt":{"rendered":"<p>[vc_row][vc_column][vc_column_text]Nous nous faisons un plaisir de r\u00e9pondre aux questions que vous vous posez sur nos produits et services. Vous pouvez contacter le service client par t\u00e9l\u00e9phone au +41 55 556 84 25. Nous sommes \u00e9galement \u00e0 votre disposition par mail, \u00e0 l\u2019adresse info@aruna.kitchen , ou via notre formulaire de contact. Vous trouverez ci-apr\u00e8s les r\u00e9ponses [&hellip;]<\/p>\n","protected":false},"author":1,"featured_media":0,"parent":0,"menu_order":0,"comment_status":"open","ping_status":"open","template":"page-faq.php","meta":{"_s2mail":""},"yoast_head":"<!-- This site is optimized with the Yoast SEO plugin v16.2 - https:\/\/yoast.com\/wordpress\/plugins\/seo\/ -->\n<title>FAQ - Aruna<\/title>\n<meta name=\"description\" content=\"FAQ - Foire aux questions concernant Aruna. Nous sommes heureux de r\u00e9pondre \u00e0 vos questions sur les produits Cutisonic et nos services.\" \/>\n<meta name=\"robots\" content=\"noindex, follow, max-snippet:-1, max-image-preview:large, max-video-preview:-1\" \/>\n<meta property=\"og:locale\" content=\"fr_FR\" \/>\n<meta property=\"og:type\" content=\"article\" \/>\n<meta property=\"og:title\" content=\"FAQ - Aruna\" \/>\n<meta property=\"og:description\" content=\"FAQ - Foire aux questions concernant Aruna. Nous sommes heureux de r\u00e9pondre \u00e0 vos questions sur les produits Cutisonic et nos services.\" \/>\n<meta property=\"og:url\" content=\"https:\/\/www.aruna.kitchen\/fr\/faq\/\" \/>\n<meta property=\"og:site_name\" content=\"Aruna\" \/>\n<meta property=\"article:modified_time\" content=\"2020-05-08T22:06:28+00:00\" \/>\n<meta name=\"twitter:card\" content=\"summary\" \/>\n<script type=\"application\/ld+json\" class=\"yoast-schema-graph\">{\"@context\":\"https:\/\/schema.org\",\"@graph\":[{\"@type\":\"WebSite\",\"@id\":\"https:\/\/www.aruna.kitchen\/#website\",\"url\":\"https:\/\/www.aruna.kitchen\/\",\"name\":\"Aruna\",\"description\":\"ARUNA Tableware\",\"potentialAction\":[{\"@type\":\"SearchAction\",\"target\":\"https:\/\/www.aruna.kitchen\/?s={search_term_string}\",\"query-input\":\"required name=search_term_string\"}],\"inLanguage\":\"fr-FR\"},{\"@type\":\"WebPage\",\"@id\":\"https:\/\/www.aruna.kitchen\/fr\/faq\/#webpage\",\"url\":\"https:\/\/www.aruna.kitchen\/fr\/faq\/\",\"name\":\"FAQ - Aruna\",\"isPartOf\":{\"@id\":\"https:\/\/www.aruna.kitchen\/#website\"},\"datePublished\":\"2016-12-21T10:53:01+00:00\",\"dateModified\":\"2020-05-08T22:06:28+00:00\",\"description\":\"FAQ - Foire aux questions concernant Aruna. Nous sommes heureux de r\\u00e9pondre \\u00e0 vos questions sur les produits Cutisonic et nos services.\",\"breadcrumb\":{\"@id\":\"https:\/\/www.aruna.kitchen\/fr\/faq\/#breadcrumb\"},\"inLanguage\":\"fr-FR\",\"potentialAction\":[{\"@type\":\"ReadAction\",\"target\":[\"https:\/\/www.aruna.kitchen\/fr\/faq\/\"]}]},{\"@type\":\"BreadcrumbList\",\"@id\":\"https:\/\/www.aruna.kitchen\/fr\/faq\/#breadcrumb\",\"itemListElement\":[{\"@type\":\"ListItem\",\"position\":1,\"item\":{\"@type\":\"WebPage\",\"@id\":\"https:\/\/www.aruna.kitchen\/fr\/\",\"url\":\"https:\/\/www.aruna.kitchen\/fr\/\",\"name\":\"Home\"}},{\"@type\":\"ListItem\",\"position\":2,\"item\":{\"@id\":\"https:\/\/www.aruna.kitchen\/fr\/faq\/#webpage\"}}]}]}<\/script>\n<!-- \/ Yoast SEO plugin. -->","_links":{"self":[{"href":"https:\/\/www.aruna.kitchen\/fr\/wp-json\/wp\/v2\/pages\/4842"}],"collection":[{"href":"https:\/\/www.aruna.kitchen\/fr\/wp-json\/wp\/v2\/pages"}],"about":[{"href":"https:\/\/www.aruna.kitchen\/fr\/wp-json\/wp\/v2\/types\/page"}],"author":[{"embeddable":true,"href":"https:\/\/www.aruna.kitchen\/fr\/wp-json\/wp\/v2\/users\/1"}],"replies":[{"embeddable":true,"href":"https:\/\/www.aruna.kitchen\/fr\/wp-json\/wp\/v2\/comments?post=4842"}],"version-history":[{"count":6,"href":"https:\/\/www.aruna.kitchen\/fr\/wp-json\/wp\/v2\/pages\/4842\/revisions"}],"predecessor-version":[{"id":6333,"href":"https:\/\/www.aruna.kitchen\/fr\/wp-json\/wp\/v2\/pages\/4842\/revisions\/6333"}],"wp:attachment":[{"href":"https:\/\/www.aruna.kitchen\/fr\/wp-json\/wp\/v2\/media?parent=4842"}],"curies":[{"name":"wp","href":"https:\/\/api.w.org\/{rel}","templated":true}]}}