{"id":6382,"date":"2017-07-27T16:42:32","date_gmt":"2020-08-29T15:52:30","guid":{"rendered":"https:\/\/www.aruna.kitchen\/fr\/?post_type=product&#038;p=6382"},"modified":"2020-08-31T13:49:17","modified_gmt":"2020-08-31T11:49:17","slug":"le-kit-de-demarrage-glass-butler-100-pcs","status":"publish","type":"product","link":"https:\/\/www.aruna.kitchen\/fr\/produkt\/le-kit-de-demarrage-glass-butler-100-pcs\/","title":{"rendered":"Le Kit de d\u00e9marrage Glass Butler 100 pcs"},"content":{"rendered":"<p>D\u00e9j\u00e0 un plaisir optique ! Avec le majordome en verre Aruna, vous cr\u00e9ez de nouvelles possibilit\u00e9s pour votre cuisine et de grandes exp\u00e9riences polyvalentes pour vos invit\u00e9s!<\/p>\n<p>Quelle que soit leur taille, leur forme ou leur couleur, Aruna Glass Butler convient \u00e0 presque tous les verres. La courbure du Glass Butler assure une stabilit\u00e9 suppl\u00e9mentaire et le rend facile \u00e0 saisir. Avec lui, de nouvelles options s\u2019offrent \u00e0 vous pour pr\u00e9senter les mets les plus vari\u00e9s.<\/p>\n<ul>\n<li>\u00c9l\u00e9gant et propice \u00e0 l\u2019expression d\u2019id\u00e9es cr\u00e9atives uniques.<\/li>\n<li>Adorable et surprenant.<\/li>\n<li>Magique pour la pr\u00e9sentation des cr\u00e9ations culinaires.<\/li>\n<li>Aucun insecte g\u00eanant dans les boissons ni \u00e0 proximit\u00e9.<\/li>\n<\/ul>\n","protected":false},"excerpt":{"rendered":"<p>Avec l\u2019Aruna Glass Butler, vous cr\u00e9ez des pr\u00e9sentations magiques pour vos plats et cr\u00e9ations culinaires. Surpassez les attentes de vos invit\u00e9s!<\/p>\n","protected":false},"featured_media":6180,"comment_status":"closed","ping_status":"closed","template":"","meta":{"_s2mail":""},"yoast_head":"<!-- This site is optimized with the Yoast SEO plugin v16.2 - https:\/\/yoast.com\/wordpress\/plugins\/seo\/ -->\n<title>Le Kit de d\u00e9marrage Glass Butler 100 pcs Aruna<\/title>\n<meta name=\"description\" content=\"Avec l\u2019Aruna Glass Butler, vous cr\u00e9ez des pr\u00e9sentations magiques pour vos plats et cr\u00e9ations culinaires. Surpassez les attentes de vos invit\u00e9s!\" \/>\n<meta name=\"robots\" content=\"noindex, follow, max-snippet:-1, max-image-preview:large, max-video-preview:-1\" \/>\n<meta property=\"og:locale\" content=\"fr_FR\" \/>\n<meta property=\"og:type\" content=\"article\" \/>\n<meta property=\"og:title\" content=\"Le Kit de d\u00e9marrage Glass Butler 100 pcs Aruna\" \/>\n<meta property=\"og:description\" content=\"Avec l\u2019Aruna Glass Butler, vous cr\u00e9ez des pr\u00e9sentations magiques pour vos plats et cr\u00e9ations culinaires. Surpassez les attentes de vos invit\u00e9s!\" \/>\n<meta property=\"og:url\" content=\"https:\/\/www.aruna.kitchen\/fr\/produkt\/le-kit-de-demarrage-glass-butler-100-pcs\/\" \/>\n<meta property=\"og:site_name\" content=\"Aruna\" \/>\n<meta property=\"article:modified_time\" content=\"2020-08-31T11:49:17+00:00\" \/>\n<meta property=\"og:image\" content=\"https:\/\/www.aruna.kitchen\/wp-content\/uploads\/2014\/04\/Glass-Butler_Logo.jpg\" \/>\n\t<meta property=\"og:image:width\" content=\"213\" \/>\n\t<meta property=\"og:image:height\" content=\"214\" \/>\n<meta name=\"twitter:card\" content=\"summary\" \/>\n<meta name=\"twitter:label1\" content=\"Dur\u00e9e de lecture est.\">\n\t<meta name=\"twitter:data1\" content=\"1 minute\">\n<script type=\"application\/ld+json\" class=\"yoast-schema-graph\">{\"@context\":\"https:\/\/schema.org\",\"@graph\":[{\"@type\":\"WebSite\",\"@id\":\"https:\/\/www.aruna.kitchen\/#website\",\"url\":\"https:\/\/www.aruna.kitchen\/\",\"name\":\"Aruna\",\"description\":\"ARUNA Tableware\",\"potentialAction\":[{\"@type\":\"SearchAction\",\"target\":\"https:\/\/www.aruna.kitchen\/?s={search_term_string}\",\"query-input\":\"required name=search_term_string\"}],\"inLanguage\":\"fr-FR\"},{\"@type\":\"ImageObject\",\"@id\":\"https:\/\/www.aruna.kitchen\/fr\/produkt\/le-kit-de-demarrage-glass-butler-100-pcs\/#primaryimage\",\"inLanguage\":\"fr-FR\",\"url\":\"https:\/\/www.aruna.kitchen\/wp-content\/uploads\/2014\/04\/Glass-Butler_Logo.jpg\",\"contentUrl\":\"https:\/\/www.aruna.kitchen\/wp-content\/uploads\/2014\/04\/Glass-Butler_Logo.jpg\",\"width\":213,\"height\":214,\"caption\":\"Glass Butler\"},{\"@type\":\"WebPage\",\"@id\":\"https:\/\/www.aruna.kitchen\/fr\/produkt\/le-kit-de-demarrage-glass-butler-100-pcs\/#webpage\",\"url\":\"https:\/\/www.aruna.kitchen\/fr\/produkt\/le-kit-de-demarrage-glass-butler-100-pcs\/\",\"name\":\"Le Kit de d\\u00e9marrage Glass Butler 100 pcs Aruna\",\"isPartOf\":{\"@id\":\"https:\/\/www.aruna.kitchen\/#website\"},\"primaryImageOfPage\":{\"@id\":\"https:\/\/www.aruna.kitchen\/fr\/produkt\/le-kit-de-demarrage-glass-butler-100-pcs\/#primaryimage\"},\"datePublished\":\"2020-08-29T15:52:30+00:00\",\"dateModified\":\"2020-08-31T11:49:17+00:00\",\"description\":\"Avec l\\u2019Aruna Glass Butler, vous cr\\u00e9ez des pr\\u00e9sentations magiques pour vos plats et cr\\u00e9ations culinaires. Surpassez les attentes de vos invit\\u00e9s!\",\"breadcrumb\":{\"@id\":\"https:\/\/www.aruna.kitchen\/fr\/produkt\/le-kit-de-demarrage-glass-butler-100-pcs\/#breadcrumb\"},\"inLanguage\":\"fr-FR\",\"potentialAction\":[{\"@type\":\"ReadAction\",\"target\":[\"https:\/\/www.aruna.kitchen\/fr\/produkt\/le-kit-de-demarrage-glass-butler-100-pcs\/\"]}]},{\"@type\":\"BreadcrumbList\",\"@id\":\"https:\/\/www.aruna.kitchen\/fr\/produkt\/le-kit-de-demarrage-glass-butler-100-pcs\/#breadcrumb\",\"itemListElement\":[{\"@type\":\"ListItem\",\"position\":1,\"item\":{\"@type\":\"WebPage\",\"@id\":\"https:\/\/www.aruna.kitchen\/fr\/\",\"url\":\"https:\/\/www.aruna.kitchen\/fr\/\",\"name\":\"Home\"}},{\"@type\":\"ListItem\",\"position\":2,\"item\":{\"@type\":\"WebPage\",\"@id\":\"https:\/\/www.aruna.kitchen\/fr\/shop\/\",\"url\":\"https:\/\/www.aruna.kitchen\/fr\/shop\/\",\"name\":\"Shop\"}},{\"@type\":\"ListItem\",\"position\":3,\"item\":{\"@id\":\"https:\/\/www.aruna.kitchen\/fr\/produkt\/le-kit-de-demarrage-glass-butler-100-pcs\/#webpage\"}}]}]}<\/script>\n<!-- \/ Yoast SEO plugin. -->","_links":{"self":[{"href":"https:\/\/www.aruna.kitchen\/fr\/wp-json\/wp\/v2\/product\/6382"}],"collection":[{"href":"https:\/\/www.aruna.kitchen\/fr\/wp-json\/wp\/v2\/product"}],"about":[{"href":"https:\/\/www.aruna.kitchen\/fr\/wp-json\/wp\/v2\/types\/product"}],"replies":[{"embeddable":true,"href":"https:\/\/www.aruna.kitchen\/fr\/wp-json\/wp\/v2\/comments?post=6382"}],"wp:featuredmedia":[{"embeddable":true,"href":"https:\/\/www.aruna.kitchen\/fr\/wp-json\/wp\/v2\/media\/6180"}],"wp:attachment":[{"href":"https:\/\/www.aruna.kitchen\/fr\/wp-json\/wp\/v2\/media?parent=6382"}],"curies":[{"name":"wp","href":"https:\/\/api.w.org\/{rel}","templated":true}]}}